{"id":9731,"date":"2021-08-22T20:49:57","date_gmt":"2021-08-22T18:49:57","guid":{"rendered":"https:\/\/indigo-studio.be\/?page_id=9731"},"modified":"2025-03-25T12:02:21","modified_gmt":"2025-03-25T11:02:21","slug":"contact","status":"publish","type":"page","link":"https:\/\/indigo-studio.be\/en\/contact\/","title":{"rendered":"Contact"},"content":{"rendered":"<div data-elementor-type=\"wp-page\" data-elementor-id=\"9731\" class=\"elementor elementor-9731\" data-elementor-post-type=\"page\">\n\t\t\t\t\t\t<section data-header-color=\"dark\" class=\"elementor-section elementor-top-section elementor-element elementor-element-f8d1f46 elementor-section-boxed elementor-section-height-default elementor-section-height-default\" data-id=\"f8d1f46\" data-element_type=\"section\" data-settings=\"{&quot;background_background&quot;:&quot;classic&quot;}\">\n\t\t\t\t\t\t<div class=\"elementor-container elementor-column-gap-no\">\n\t\t\t\t\t<div class=\"elementor-column elementor-col-25 elementor-top-column elementor-element elementor-element-8b2da80\" data-id=\"8b2da80\" data-element_type=\"column\">\n\t\t\t<div class=\"elementor-widget-wrap\">\n\t\t\t\t\t\t\t<\/div>\n\t\t<\/div>\n\t\t\t\t<div class=\"elementor-column elementor-col-25 elementor-top-column elementor-element elementor-element-1b2a2eb\" data-id=\"1b2a2eb\" data-element_type=\"column\">\n\t\t\t<div class=\"elementor-widget-wrap elementor-element-populated\">\n\t\t\t\t\t\t<div class=\"elementor-element elementor-element-db5bf07 grve-elementor-align-left elementor-widget elementor-widget-impeka_title\" data-id=\"db5bf07\" data-element_type=\"widget\" data-widget_type=\"impeka_title.default\">\n\t\t\t\t<div class=\"elementor-widget-container\">\n\t\t\t<h1 data-animation=\"fade-in-up\" data-delay=\"0\" data-duration=\"normal\" class=\"grve-element grve-title grve-animated-item grve-page-title\"><span>Restez connect\u00e9<br><\/span><\/h1>\t\t<\/div>\n\t\t\t\t<\/div>\n\t\t\t\t<div class=\"elementor-element elementor-element-8a209a0 elementor-invisible elementor-widget elementor-widget-text-editor\" data-id=\"8a209a0\" data-element_type=\"widget\" data-settings=\"{&quot;_animation&quot;:&quot;fadeIn&quot;,&quot;_animation_delay&quot;:1500}\" data-widget_type=\"text-editor.default\">\n\t\t\t\t<div class=\"elementor-widget-container\">\n\t\t\t\t\t\t\t<p><strong>T\u00e9l :<\/strong><br \/>+32 488 18 24 52<\/p><p><strong>E-mail :<\/strong><br \/>hello@indigo-studio.be<\/p><p><strong>Adresse :<\/strong><br \/>Rue Cit\u00e9 Forte Size 9.1\/5<br \/>6110 Montigny-le-Tilleul<\/p>\t\t\t\t\t\t<\/div>\n\t\t\t\t<\/div>\n\t\t\t\t<div class=\"elementor-element elementor-element-7713178 grve-elementor-align-left elementor-invisible elementor-widget elementor-widget-impeka_social_links\" data-id=\"7713178\" data-element_type=\"widget\" data-settings=\"{&quot;_animation&quot;:&quot;fadeIn&quot;,&quot;_animation_delay&quot;:1000}\" data-widget_type=\"impeka_social_links.default\">\n\t\t\t\t<div class=\"elementor-widget-container\">\n\t\t\t\t<div id=\"social-links-4c6e038\" class=\"grve-element grve-social grve-icon-type grve-space-15 grve-icon-small\">\r\n\t\t<ul>\r\n\t\t\t\t\t\t\t\t<li>\r\n\t\t\t\t\t\t\t<a href=\"https:\/\/www.facebook.com\/indigostudiocreativeagency\/\" class=\"grve-circle grve-with-shape grve-simple grve-bg-primary-1\" target=\"_blank\" rel=\"noopener noreferrer\">\r\n\t\t\t\t\t\t\t\t<span class=\"grve-icon grve-text-white fab fa-facebook-f\"><\/span>\r\n\t\t\t\t\t\t\t\t<span class=\"screen-reader-text\">Facebook<\/span>\r\n\t\t\t\t\t\t\t<\/a>\r\n\t\t\t\t\t\t<\/li>\r\n\t\t\t\t\t\t\t\t<li>\r\n\t\t\t\t\t\t\t<a href=\"https:\/\/www.instagram.com\/indigostudioagency\/\" class=\"grve-circle grve-with-shape grve-simple grve-bg-primary-1\" target=\"_blank\" rel=\"noopener noreferrer\">\r\n\t\t\t\t\t\t\t\t<span class=\"grve-icon grve-text-white fab fa-instagram\"><\/span>\r\n\t\t\t\t\t\t\t\t<span class=\"screen-reader-text\">Instagram<\/span>\r\n\t\t\t\t\t\t\t<\/a>\r\n\t\t\t\t\t\t<\/li>\r\n\t\t\t\t\t\t\t\t<li>\r\n\t\t\t\t\t\t\t<a href=\"https:\/\/www.linkedin.com\/company\/indigo-studio-be\" class=\"grve-circle grve-with-shape grve-simple grve-bg-primary-1\" target=\"_blank\" rel=\"noopener noreferrer\">\r\n\t\t\t\t\t\t\t\t<span class=\"grve-icon grve-text-white fab fa-linkedin-in\"><\/span>\r\n\t\t\t\t\t\t\t\t<span class=\"screen-reader-text\">LinkedIn<\/span>\r\n\t\t\t\t\t\t\t<\/a>\r\n\t\t\t\t\t\t<\/li>\r\n\t\t\t\t<\/ul>\r\n\t<\/div>\r\n\t\t<\/div>\n\t\t\t\t<\/div>\n\t\t\t\t<div class=\"elementor-element elementor-element-a202535 elementor-hidden-desktop elementor-hidden-tablet elementor-hidden-mobile grve-elementor-align-left elementor-widget elementor-widget-impeka_button\" data-id=\"a202535\" data-element_type=\"widget\" data-widget_type=\"impeka_button.default\">\n\t\t\t\t<div class=\"elementor-widget-container\">\n\t\t\t<div class=\"grve-element\"><a href=\"#form\" class=\"grve-btn-text grve-btn-only-text grve-text-primary-1 grve-text-hover-black grve-btn-medium grve-with-svg-icon-arrow-2\">\r\n\t\t<div class=\"grve-btn-inner\">\r\n\t\t<span>Envoyez-nous un message<\/span>\r\n\t\t\t\t\t\t\t<div class=\"grve-btn-svg-icon\">\r\n\t\t\t\t\t\t\t<svg width=\"40px\" height=\"16px\" viewbox=\"0 0 40 16\">\r\n\t\t\t\t\t<polygon class=\"grve-arrow-line\" points=\"0 7 38 7 38 9 0 9\"><\/polygon>\r\n\t\t\t\t\t<polygon class=\"grve-arrow-point\" points=\"31.3481912 0 40 8 31.3481912 16 30 14.5816219 37.1 8 30 1.41837809\"><\/polygon>\r\n\t\t\t\t<\/svg>\r\n\t\t\t\t\t\t\t\t<\/div>\r\n\t\t\t\t\t<\/div>\r\n\t<\/a><\/div>\t\t<\/div>\n\t\t\t\t<\/div>\n\t\t\t\t\t<\/div>\n\t\t<\/div>\n\t\t\t\t<div class=\"elementor-column elementor-col-25 elementor-top-column elementor-element elementor-element-6d90b52\" data-id=\"6d90b52\" data-element_type=\"column\">\n\t\t\t<div class=\"elementor-widget-wrap elementor-element-populated\">\n\t\t\t\t\t\t<div class=\"elementor-element elementor-element-9c5b870 grve-elementor-align-left elementor-widget elementor-widget-impeka_image_single\" data-id=\"9c5b870\" data-element_type=\"widget\" data-widget_type=\"impeka_image_single.default\">\n\t\t\t\t<div class=\"elementor-widget-container\">\n\t\t\t<div data-animation=\"clipping-up\" data-delay=\"0\" data-duration=\"normal\" class=\"grve-element grve-image grve-clipping-animation grve-advanced-animation grve-animated-item\">\r\n\t<div class=\"grve-image-item\">\r\n\t\t\r\n\r\n<div class=\"grve-image-wrapper grve-none\">\r\n\t\t<div class=\"grve-thumbnail-wrapper\"  style=\"width: 768px;\"><div class=\"grve-thumbnail\"  style=\"padding-top: 140.365%;\"><img fetchpriority=\"high\" decoding=\"async\" width=\"768\" height=\"1078\" src=\"https:\/\/indigo-studio.be\/wp-content\/uploads\/2021\/08\/impeka-contact-5-img-01-768x1078-1.jpg\" class=\"attachment-full size-full\" alt=\"\" srcset=\"https:\/\/indigo-studio.be\/wp-content\/uploads\/2021\/08\/impeka-contact-5-img-01-768x1078-1.jpg 1x,https:\/\/indigo-studio.be\/wp-content\/uploads\/2021\/08\/impeka-contact-5-img-01-768x1078-1.jpg 2x\" data-column-space=\"auto\" data-lazyload=\"\" data-grve-filter=\"yes\" \/><\/div><\/div>\t<\/div>\r\n\t<\/div>\r\n<\/div>\r\n\t\t<\/div>\n\t\t\t\t<\/div>\n\t\t\t\t\t<\/div>\n\t\t<\/div>\n\t\t\t\t<div class=\"elementor-column elementor-col-25 elementor-top-column elementor-element elementor-element-b59c8a0\" data-id=\"b59c8a0\" data-element_type=\"column\">\n\t\t\t<div class=\"elementor-widget-wrap\">\n\t\t\t\t\t\t\t<\/div>\n\t\t<\/div>\n\t\t\t\t\t<\/div>\n\t\t<\/section>\n\t\t\t\t<section class=\"elementor-section elementor-top-section elementor-element elementor-element-97b705b elementor-section-boxed elementor-section-height-default elementor-section-height-default\" data-id=\"97b705b\" data-element_type=\"section\">\n\t\t\t\t\t\t<div class=\"elementor-container elementor-column-gap-default\">\n\t\t\t\t\t<div class=\"elementor-column elementor-col-100 elementor-top-column elementor-element elementor-element-1379624\" data-id=\"1379624\" data-element_type=\"column\">\n\t\t\t<div class=\"elementor-widget-wrap elementor-element-populated\">\n\t\t\t\t\t\t<div class=\"elementor-element elementor-element-38e8a57 grve-elementor-align-left elementor-widget elementor-widget-impeka_title\" data-id=\"38e8a57\" data-element_type=\"widget\" data-widget_type=\"impeka_title.default\">\n\t\t\t\t<div class=\"elementor-widget-container\">\n\t\t\t<h2 class=\"grve-element grve-title grve-h1 grve-increase-heading grve-heading-160\"><span>Hello<span style=\"color: #fdc310;\">!<\/span><br><\/span><\/h2>\t\t<\/div>\n\t\t\t\t<\/div>\n\t\t\t\t<div class=\"elementor-element elementor-element-499138c grve-elementor-align-left elementor-widget elementor-widget-impeka_title\" data-id=\"499138c\" data-element_type=\"widget\" data-widget_type=\"impeka_title.default\">\n\t\t\t\t<div class=\"elementor-widget-container\">\n\t\t\t<h3 class=\"grve-element grve-title grve-leader-text\"><span>N'h\u00e9sitez pas \u00e0 envoyer un message.<br><\/span><\/h3>\t\t<\/div>\n\t\t\t\t<\/div>\n\t\t\t\t<div class=\"elementor-element elementor-element-4354d76 elementor-button-align-stretch elementor-widget elementor-widget-form\" data-id=\"4354d76\" data-element_type=\"widget\" id=\"form\" data-settings=\"{&quot;step_next_label&quot;:&quot;Suivant&quot;,&quot;step_previous_label&quot;:&quot;Pr\\u00e9c\\u00e9dent&quot;,&quot;button_width&quot;:&quot;100&quot;,&quot;step_type&quot;:&quot;number_text&quot;,&quot;step_icon_shape&quot;:&quot;circle&quot;}\" data-widget_type=\"form.default\">\n\t\t\t\t<div class=\"elementor-widget-container\">\n\t\t\t\t\t<form class=\"elementor-form\" method=\"post\" name=\"Formulaire Hello\">\n\t\t\t<input type=\"hidden\" name=\"post_id\" value=\"9731\"\/>\n\t\t\t<input type=\"hidden\" name=\"form_id\" value=\"4354d76\"\/>\n\t\t\t<input type=\"hidden\" name=\"referer_title\" value=\"\" \/>\n\n\t\t\t\n\t\t\t<div class=\"elementor-form-fields-wrapper elementor-labels-above\">\n\t\t\t\t\t\t\t\t<div class=\"elementor-field-type-text elementor-field-group elementor-column elementor-field-group-name elementor-col-50 elementor-field-required elementor-mark-required\">\n\t\t\t\t\t\t\t\t\t\t\t\t<label for=\"form-field-name\" class=\"elementor-field-label\">\n\t\t\t\t\t\t\t\tNom\t\t\t\t\t\t\t<\/label>\n\t\t\t\t\t\t\t\t\t\t\t\t\t\t<input size=\"1\" type=\"text\" name=\"form_fields[name]\" id=\"form-field-name\" class=\"elementor-field elementor-size-sm  elementor-field-textual\" required=\"required\" aria-required=\"true\">\n\t\t\t\t\t\t\t\t\t\t\t<\/div>\n\t\t\t\t\t\t\t\t<div class=\"elementor-field-type-text elementor-field-group elementor-column elementor-field-group-field_79cd9fc elementor-col-50 elementor-field-required elementor-mark-required\">\n\t\t\t\t\t\t\t\t\t\t\t\t<label for=\"form-field-field_79cd9fc\" class=\"elementor-field-label\">\n\t\t\t\t\t\t\t\tPr\u00e9nom\t\t\t\t\t\t\t<\/label>\n\t\t\t\t\t\t\t\t\t\t\t\t\t\t<input size=\"1\" type=\"text\" name=\"form_fields[field_79cd9fc]\" id=\"form-field-field_79cd9fc\" class=\"elementor-field elementor-size-sm  elementor-field-textual\" required=\"required\" aria-required=\"true\">\n\t\t\t\t\t\t\t\t\t\t\t<\/div>\n\t\t\t\t\t\t\t\t<div class=\"elementor-field-type-text elementor-field-group elementor-column elementor-field-group-field_62b10b2 elementor-col-100\">\n\t\t\t\t\t\t\t\t\t\t\t\t<label for=\"form-field-field_62b10b2\" class=\"elementor-field-label\">\n\t\t\t\t\t\t\t\tNom d'entreprise\t\t\t\t\t\t\t<\/label>\n\t\t\t\t\t\t\t\t\t\t\t\t\t\t<input size=\"1\" type=\"text\" name=\"form_fields[field_62b10b2]\" id=\"form-field-field_62b10b2\" class=\"elementor-field elementor-size-sm  elementor-field-textual\">\n\t\t\t\t\t\t\t\t\t\t\t<\/div>\n\t\t\t\t\t\t\t\t<div class=\"elementor-field-type-email elementor-field-group elementor-column elementor-field-group-email elementor-col-50 elementor-field-required elementor-mark-required\">\n\t\t\t\t\t\t\t\t\t\t\t\t<label for=\"form-field-email\" class=\"elementor-field-label\">\n\t\t\t\t\t\t\t\tE-mail\t\t\t\t\t\t\t<\/label>\n\t\t\t\t\t\t\t\t\t\t\t\t\t\t<input size=\"1\" type=\"email\" name=\"form_fields[email]\" id=\"form-field-email\" class=\"elementor-field elementor-size-sm  elementor-field-textual\" required=\"required\" aria-required=\"true\">\n\t\t\t\t\t\t\t\t\t\t\t<\/div>\n\t\t\t\t\t\t\t\t<div class=\"elementor-field-type-tel elementor-field-group elementor-column elementor-field-group-field_67865dc elementor-col-50\">\n\t\t\t\t\t\t\t\t\t\t\t\t<label for=\"form-field-field_67865dc\" class=\"elementor-field-label\">\n\t\t\t\t\t\t\t\tT\u00e9l\u00e9phone\t\t\t\t\t\t\t<\/label>\n\t\t\t\t\t\t\t\t<input size=\"1\" type=\"tel\" name=\"form_fields[field_67865dc]\" id=\"form-field-field_67865dc\" class=\"elementor-field elementor-size-sm  elementor-field-textual\" pattern=\"[0-9()#&amp;+*-=.]+\" title=\"Only numbers and phone characters (#, -, *, etc) are accepted.\">\n\n\t\t\t\t\t\t<\/div>\n\t\t\t\t\t\t\t\t<div class=\"elementor-field-type-textarea elementor-field-group elementor-column elementor-field-group-message elementor-col-100\">\n\t\t\t\t\t\t\t\t\t\t\t\t<label for=\"form-field-message\" class=\"elementor-field-label\">\n\t\t\t\t\t\t\t\tMessage\t\t\t\t\t\t\t<\/label>\n\t\t\t\t\t\t<textarea class=\"elementor-field-textual elementor-field  elementor-size-sm\" name=\"form_fields[message]\" id=\"form-field-message\" rows=\"8\"><\/textarea>\t\t\t\t<\/div>\n\t\t\t\t\t\t\t\t<div class=\"elementor-field-type-acceptance elementor-field-group elementor-column elementor-field-group-field_564f96b elementor-col-100 elementor-field-required elementor-mark-required\">\n\t\t\t\t\t\t\t<div class=\"elementor-field-subgroup\">\n\t\t\t<span class=\"elementor-field-option\">\n\t\t\t\t<input type=\"checkbox\" name=\"form_fields[field_564f96b]\" id=\"form-field-field_564f96b\" class=\"elementor-field elementor-size-sm  elementor-acceptance-field\" required=\"required\" aria-required=\"true\">\n\t\t\t\t<label for=\"form-field-field_564f96b\">En soumettant ce formulaire, j'accepte que ces donn\u00e9es soient utilis\u00e9es dans le cadre de ma demande et de la relation commerciale qui peut en d\u00e9couler.<\/label>\t\t\t<\/span>\n\t\t<\/div>\n\t\t\t\t\t\t<\/div>\n\t\t\t\t\t\t\t\t<div class=\"elementor-field-type-recaptcha_v3 elementor-field-group elementor-column elementor-field-group-field_ff396e0 elementor-col-100 recaptcha_v3-bottomright\">\n\t\t\t\t\t<div class=\"elementor-field\" id=\"form-field-field_ff396e0\"><div class=\"elementor-g-recaptcha\" data-sitekey=\"6Lfo1TYpAAAAABmY059GFMT5xQKQlnlGXCQIeeuA\" data-type=\"v3\" data-action=\"Form\" data-badge=\"bottomright\" data-size=\"invisible\"><\/div><\/div>\t\t\t\t<\/div>\n\t\t\t\t\t\t\t\t<div class=\"elementor-field-group elementor-column elementor-field-type-submit elementor-col-100 e-form__buttons\">\n\t\t\t\t\t<button class=\"elementor-button elementor-size-md\" type=\"submit\">\n\t\t\t\t\t\t<span class=\"elementor-button-content-wrapper\">\n\t\t\t\t\t\t\t\t\t\t\t\t\t\t\t\t\t\t\t\t\t\t<span class=\"elementor-button-text\">Send<\/span>\n\t\t\t\t\t\t\t\t\t\t\t\t\t<\/span>\n\t\t\t\t\t<\/button>\n\t\t\t\t<\/div>\n\t\t\t<\/div>\n\t\t<input type=\"hidden\" name=\"trp-form-language\" value=\"en\"\/><\/form>\n\t\t\t\t<\/div>\n\t\t\t\t<\/div>\n\t\t\t\t\t<\/div>\n\t\t<\/div>\n\t\t\t\t\t<\/div>\n\t\t<\/section>\n\t\t\t\t<\/div>","protected":false},"excerpt":{"rendered":"<p>Restez connect\u00e9 T\u00e9l :+32 488 18 24 52 E-mail :hello@indigo-studio.be Adresse :Rue Cit\u00e9 Forte Taille 9.1\/56110 Montigny-le-Tilleul Facebook Instagram LinkedIn Envoyez-nous un message Hello! N&rsquo;h\u00e9sitez pas \u00e0 envoyer un message.<\/p>","protected":false},"author":1,"featured_media":0,"parent":0,"menu_order":0,"comment_status":"closed","ping_status":"closed","template":"","meta":{"_monsterinsights_skip_tracking":false,"_monsterinsights_sitenote_active":false,"_monsterinsights_sitenote_note":"","_monsterinsights_sitenote_category":0,"footnotes":""},"class_list":["post-9731","page","type-page","status-publish","hentry","grve-entry-item"],"aioseo_notices":[],"_links":{"self":[{"href":"https:\/\/indigo-studio.be\/en\/wp-json\/wp\/v2\/pages\/9731","targetHints":{"allow":["GET"]}}],"collection":[{"href":"https:\/\/indigo-studio.be\/en\/wp-json\/wp\/v2\/pages"}],"about":[{"href":"https:\/\/indigo-studio.be\/en\/wp-json\/wp\/v2\/types\/page"}],"author":[{"embeddable":true,"href":"https:\/\/indigo-studio.be\/en\/wp-json\/wp\/v2\/users\/1"}],"replies":[{"embeddable":true,"href":"https:\/\/indigo-studio.be\/en\/wp-json\/wp\/v2\/comments?post=9731"}],"version-history":[{"count":254,"href":"https:\/\/indigo-studio.be\/en\/wp-json\/wp\/v2\/pages\/9731\/revisions"}],"predecessor-version":[{"id":16854,"href":"https:\/\/indigo-studio.be\/en\/wp-json\/wp\/v2\/pages\/9731\/revisions\/16854"}],"wp:attachment":[{"href":"https:\/\/indigo-studio.be\/en\/wp-json\/wp\/v2\/media?parent=9731"}],"curies":[{"name":"wp","href":"https:\/\/api.w.org\/{rel}","templated":true}]}}