{"id":3,"date":"2021-07-26T18:26:27","date_gmt":"2021-07-26T16:26:27","guid":{"rendered":"https:\/\/indigo-studio.be\/?page_id=3"},"modified":"2021-09-22T17:15:11","modified_gmt":"2021-09-22T15:15:11","slug":"politique-de-confidentialite","status":"publish","type":"page","link":"https:\/\/indigo-studio.be\/en\/privacy-policy\/","title":{"rendered":"Privacy Policy"},"content":{"rendered":"<div data-elementor-type=\"wp-page\" data-elementor-id=\"3\" class=\"elementor elementor-3\" data-elementor-post-type=\"page\">\n\t\t\t\t\t\t<section class=\"elementor-section elementor-top-section elementor-element elementor-element-24abdcd7 elementor-section-boxed elementor-section-height-default elementor-section-height-default\" data-id=\"24abdcd7\" data-element_type=\"section\">\n\t\t\t\t\t\t<div class=\"elementor-container elementor-column-gap-default\">\n\t\t\t\t\t<div class=\"elementor-column elementor-col-100 elementor-top-column elementor-element elementor-element-6ec832b9\" data-id=\"6ec832b9\" data-element_type=\"column\">\n\t\t\t<div class=\"elementor-widget-wrap elementor-element-populated\">\n\t\t\t\t\t\t<div class=\"elementor-element elementor-element-7688c9cb elementor-widget elementor-widget-text-editor\" data-id=\"7688c9cb\" data-element_type=\"widget\" data-widget_type=\"text-editor.default\">\n\t\t\t\t<div class=\"elementor-widget-container\">\n\t\t\t\t\t\t\t<!-- wp:paragraph -->\n<p>Indigo Studio s\u2019engage \u00e0 respecter et \u00e0 prot\u00e9ger vos donn\u00e9es personnelles recueillies via notre site Internet. Nous d\u00e9sirons en effet, honorer votre confiance lorsque vous consultez notre site Internet ou que vous faites appel \u00e0 nos services. Nous voulons en outre que vous surfiez sur notre site en toute tranquillit\u00e9 d\u2019esprit. C\u2019est pourquoi, nous tenons \u00e0 vous informer clairement des pr\u00e9cautions que nous respectons lors du traitement des donn\u00e9es personnelles que vous nous confiez au travers de cette page reprenant les conditions d\u2019utilisation et la vie priv\u00e9e.<\/p>\n<!-- \/wp:paragraph -->\n\n<!-- wp:heading -->\n<h2>Quelles donn\u00e9es enregistrons-nous\u00a0?<\/h2>\n<!-- \/wp:heading -->\n\n<!-- wp:paragraph -->\n<p>Nous enregistrons, votre nom, pr\u00e9nom, adresse, n\u00b0 de t\u00e9l\u00e9phone, de GSM et de fax, ainsi que votre adresse \u00e9lectronique.<\/p>\n<!-- \/wp:paragraph -->\n\n<!-- wp:heading -->\n<h2>Pourquoi enregistrons-nous vos donn\u00e9es personnelles ?<\/h2>\n<!-- \/wp:heading -->\n\n<!-- wp:paragraph -->\n<p>Nous avons besoin de vos donn\u00e9es personnelles pour pouvoir r\u00e9pondre \u00e0 votre demande mais \u00e9galement afin de vous informer, le cas \u00e9ch\u00e9ant, des nouveaux services susceptibles de vous int\u00e9resser.<\/p>\n<!-- \/wp:paragraph -->\n\n<!-- wp:heading -->\n<h2>Comment prot\u00e9geons-nous la confidentialit\u00e9 de vos donn\u00e9es personnelles ?<\/h2>\n<!-- \/wp:heading -->\n\n<!-- wp:paragraph -->\n<p>Vos donn\u00e9es personnelles autres ne sont pas cod\u00e9es avant transmission, mais nous avons pr\u00e9vu des mesures en mati\u00e8re de respect de la vie priv\u00e9e afin de prot\u00e9ger vos donn\u00e9es personnelles qui rel\u00e8vent de notre contr\u00f4le, contre :<\/p>\n<!-- \/wp:paragraph -->\n\n<!-- wp:list -->\n<ul><li>L\u2019acc\u00e8s aux donn\u00e9es ou leur modification par des personnes non autoris\u00e9es<\/li><li>Tout usage ou publicit\u00e9 incorrect<\/li><li>La destruction ill\u00e9gale ou la perte par accident<\/li><\/ul>\n<!-- \/wp:list -->\n\n<!-- wp:paragraph -->\n<p>Nos travailleurs, qui ont acc\u00e8s aux donn\u00e9es personnelles, sont soumis \u00e0 l\u2019obligation de respecter le caract\u00e8re confidentiel de ces donn\u00e9es. Nous consid\u00e9rons vos donn\u00e9es personnelles comme une information confidentielle que nous ne communiquons en aucun cas \u00e0 des tiers.<\/p>\n<!-- \/wp:paragraph -->\n\n<!-- wp:heading -->\n<h2>Qui est responsable du traitement de vos donn\u00e9es personnelles ?<\/h2>\n<!-- \/wp:heading -->\n\n<!-- wp:paragraph -->\n<p>Les g\u00e9rants de Indigo Studio sont charg\u00e9s de r\u00e9pondre \u00e0 toutes les questions ayant trait \u00e0 la protection de votre vie priv\u00e9e. Vous pouvez leur adresser toutes vos questions par courrier \u00e9lectronique \u00e0 l\u2019adresse info@indigo-studio.be.<\/p>\n<!-- \/wp:paragraph -->\n\n<!-- wp:heading -->\n<h2>Comment ai-je acc\u00e8s \u00e0 mes donn\u00e9es personnelles ?<\/h2>\n<!-- \/wp:heading -->\n\n<!-- wp:paragraph -->\n<p>Vous pouvez nous demander, sans frais pour vous, de supprimer toutes vos donn\u00e9es personnelles de notre base de donn\u00e9es en nous envoyant une lettre \u2013 avec copie de votre carte d\u2019identit\u00e9 \u2013 \u00e0 l\u2019adresse reprise ci-dessous. Nous vous ferons parvenir au plus vite une copie des donn\u00e9es personnelles vous concernant qui sont en notre possession.<\/p>\n<!-- \/wp:paragraph -->\n\n<!-- wp:paragraph -->\n<p>Adresse du si\u00e8ge social : Rue Cit\u00e9 Forte Taille 9.1\/5 \u2013 6110 Montigny-le-Tilleul. <\/p>\n<!-- \/wp:paragraph -->\n\n<!-- wp:heading -->\n<h2>Renseignements g\u00e9n\u00e9raux<\/h2>\n<!-- \/wp:heading -->\n\n<!-- wp:paragraph -->\n<p>Notre politique de protection de vos donn\u00e9es personnelles est parfaitement en r\u00e8gle avec toutes les dispositions l\u00e9gales belges et europ\u00e9ennes:La loi belge du 8 d\u00e9cembre 1992 (ladite \u00ab loi vie priv\u00e9e \u00bb) r\u00e9cemment modifi\u00e9e par la loi du 11 d\u00e9cembre 1998 et en vigueur depuis le 1er septembre 2001.La directive europ\u00e9enne num\u00e9ro 95\/46\/CE du 24 octobre 1995 relative \u00e0 la protection de la vie priv\u00e9e.<\/p>\n<!-- \/wp:paragraph -->\n\n<!-- wp:paragraph -->\n<p>Nous ne sommes pas responsables de la politique de respect de la vie priv\u00e9e des sites Internet qui sont reli\u00e9s au notre par un hyperlien.<\/p>\n<!-- \/wp:paragraph -->\n\n<!-- wp:heading -->\n<h2>Marques commerciales cit\u00e9es, logos tiers affich\u00e9s, services tiers cit\u00e9s<\/h2>\n<!-- \/wp:heading -->\n\n<!-- wp:paragraph -->\n<p>L\u2019ensemble des logos, produits ou services, marques commerciales autres que celles \u00e9tant la propri\u00e9t\u00e9 de Indigo Studio appartiennent tous \u00e0 leurs propri\u00e9taires respectifs et ne font pas l\u2019objet d\u2019une quelconque appartenance de fait ou de droit et restent la propri\u00e9t\u00e9 exclusive de ces derniers.<\/p>\n<!-- \/wp:paragraph -->\t\t\t\t\t\t<\/div>\n\t\t\t\t<\/div>\n\t\t\t\t\t<\/div>\n\t\t<\/div>\n\t\t\t\t\t<\/div>\n\t\t<\/section>\n\t\t\t\t<\/div>","protected":false},"excerpt":{"rendered":"<p>Indigo Studio s\u2019engage \u00e0 respecter et \u00e0 prot\u00e9ger vos donn\u00e9es personnelles recueillies via notre site Internet. Nous d\u00e9sirons en effet, honorer votre confiance lorsque vous consultez notre site Internet ou que vous faites appel \u00e0 nos services. Nous voulons en outre que vous surfiez sur notre site en toute tranquillit\u00e9 d\u2019esprit. C\u2019est pourquoi, nous tenons [&hellip;]<\/p>","protected":false},"author":1,"featured_media":0,"parent":0,"menu_order":0,"comment_status":"closed","ping_status":"closed","template":"","meta":{"_monsterinsights_skip_tracking":false,"_monsterinsights_sitenote_active":false,"_monsterinsights_sitenote_note":"","_monsterinsights_sitenote_category":0,"footnotes":""},"class_list":["post-3","page","type-page","status-publish","hentry","grve-entry-item"],"aioseo_notices":[],"_links":{"self":[{"href":"https:\/\/indigo-studio.be\/en\/wp-json\/wp\/v2\/pages\/3","targetHints":{"allow":["GET"]}}],"collection":[{"href":"https:\/\/indigo-studio.be\/en\/wp-json\/wp\/v2\/pages"}],"about":[{"href":"https:\/\/indigo-studio.be\/en\/wp-json\/wp\/v2\/types\/page"}],"author":[{"embeddable":true,"href":"https:\/\/indigo-studio.be\/en\/wp-json\/wp\/v2\/users\/1"}],"replies":[{"embeddable":true,"href":"https:\/\/indigo-studio.be\/en\/wp-json\/wp\/v2\/comments?post=3"}],"version-history":[{"count":13,"href":"https:\/\/indigo-studio.be\/en\/wp-json\/wp\/v2\/pages\/3\/revisions"}],"predecessor-version":[{"id":14830,"href":"https:\/\/indigo-studio.be\/en\/wp-json\/wp\/v2\/pages\/3\/revisions\/14830"}],"wp:attachment":[{"href":"https:\/\/indigo-studio.be\/en\/wp-json\/wp\/v2\/media?parent=3"}],"curies":[{"name":"wp","href":"https:\/\/api.w.org\/{rel}","templated":true}]}}